{"id":14,"date":"2023-02-10T12:36:00","date_gmt":"2023-02-10T12:36:00","guid":{"rendered":"https:\/\/ott-premium.net\/?page_id=14"},"modified":"2025-01-03T03:45:46","modified_gmt":"2025-01-03T02:45:46","slug":"notre-streaming-ott-premium","status":"publish","type":"page","link":"https:\/\/ott-premium.net\/iptv2\/notre-streaming-ott-premium\/","title":{"rendered":"D\u00e9couvrez notre Streaming"},"content":{"rendered":"\t\t<div data-elementor-type=\"wp-page\" data-elementor-id=\"14\" class=\"elementor elementor-14\" data-elementor-post-type=\"page\">\n\t\t\t\t\t\t<section class=\"elementor-section elementor-top-section elementor-element elementor-element-52b24d42 elementor-section-content-middle elementor-section-boxed elementor-section-height-default elementor-section-height-default\" data-id=\"52b24d42\" data-element_type=\"section\" data-e-type=\"section\" data-settings=\"{&quot;background_background&quot;:&quot;gradient&quot;}\">\n\t\t\t\t\t\t<div class=\"elementor-container elementor-column-gap-no\">\n\t\t\t\t\t<div class=\"elementor-column elementor-col-50 elementor-top-column elementor-element elementor-element-325f64aa\" data-id=\"325f64aa\" data-element_type=\"column\" data-e-type=\"column\">\n\t\t\t<div class=\"elementor-widget-wrap elementor-element-populated\">\n\t\t\t\t\t\t<div class=\"elementor-element elementor-element-17c72b46 elementor-widget-divider--view-line elementor-widget elementor-widget-divider\" data-id=\"17c72b46\" data-element_type=\"widget\" data-e-type=\"widget\" data-widget_type=\"divider.default\">\n\t\t\t\t<div class=\"elementor-widget-container\">\n\t\t\t\t\t\t\t<div class=\"elementor-divider\">\n\t\t\t<span class=\"elementor-divider-separator\">\n\t\t\t\t\t\t<\/span>\n\t\t<\/div>\n\t\t\t\t\t\t<\/div>\n\t\t\t\t<\/div>\n\t\t\t\t<div class=\"elementor-element elementor-element-c54e404 elementor-widget elementor-widget-heading\" data-id=\"c54e404\" data-element_type=\"widget\" data-e-type=\"widget\" data-widget_type=\"heading.default\">\n\t\t\t\t<div class=\"elementor-widget-container\">\n\t\t\t\t\t<h4 class=\"elementor-heading-title elementor-size-default\">D\u00e9couvrez notre ott premium<\/h4>\t\t\t\t<\/div>\n\t\t\t\t<\/div>\n\t\t\t\t<div class=\"elementor-element elementor-element-a87b3a5 elementor-widget-divider--view-line elementor-widget elementor-widget-divider\" data-id=\"a87b3a5\" data-element_type=\"widget\" data-e-type=\"widget\" data-widget_type=\"divider.default\">\n\t\t\t\t<div class=\"elementor-widget-container\">\n\t\t\t\t\t\t\t<div class=\"elementor-divider\">\n\t\t\t<span class=\"elementor-divider-separator\">\n\t\t\t\t\t\t<\/span>\n\t\t<\/div>\n\t\t\t\t\t\t<\/div>\n\t\t\t\t<\/div>\n\t\t\t\t\t<\/div>\n\t\t<\/div>\n\t\t\t\t<div class=\"elementor-column elementor-col-50 elementor-top-column elementor-element elementor-element-93c8246\" data-id=\"93c8246\" data-element_type=\"column\" data-e-type=\"column\">\n\t\t\t<div class=\"elementor-widget-wrap elementor-element-populated\">\n\t\t\t\t\t\t<div class=\"elementor-element elementor-element-648da108 elementor-widget elementor-widget-text-editor\" data-id=\"648da108\" data-element_type=\"widget\" data-e-type=\"widget\" data-widget_type=\"text-editor.default\">\n\t\t\t\t<div class=\"elementor-widget-container\">\n\t\t\t\t\t\t\t\t\t<p><strong>D\u00e9couvrez notre OTT\/IPTV<\/strong><br \/>Plongez dans une exp\u00e9rience de visionnage in\u00e9gal\u00e9e avec <a href=\"http:\/\/ott-premium.net\"><strong>OTT Premium<\/strong><\/a>, la solution id\u00e9ale pour un streaming de haute qualit\u00e9. Explorez un large choix de cha\u00eenes, de films, de s\u00e9ries et de sports en direct, accessibles \u00e0 tout moment et depuis n&#8217;importe quel appareil. Que ce soit via <a href=\"http:\/\/ott-premium.net\"><strong>OTT Streaming<\/strong><\/a>, un <a href=\"https:\/\/ott-premium.net\/nos-forfaits-ott-premium\/\"><strong>forfait OTT<\/strong><\/a> ou en optant pour <strong>Premium OTT<\/strong>, vous b\u00e9n\u00e9ficiez toujours d&#8217;une diffusion optimale et d&#8217;une flexibilit\u00e9 totale. Profitez d&#8217;une interface conviviale et d&#8217;un acc\u00e8s illimit\u00e9 \u00e0 vos contenus pr\u00e9f\u00e9r\u00e9s, o\u00f9 que vous soyez. D\u00e9couvrez d\u00e8s maintenant le service de streaming qui r\u00e9pond \u00e0 toutes vos attentes en mati\u00e8re de divertissement.<\/p><p><!-- \/wp:paragraph --><\/p>\t\t\t\t\t\t\t\t<\/div>\n\t\t\t\t<\/div>\n\t\t\t\t\t<\/div>\n\t\t<\/div>\n\t\t\t\t\t<\/div>\n\t\t<\/section>\n\t\t\t\t<\/div>\n\t\t","protected":false},"excerpt":{"rendered":"<p>D\u00e9couvrez notre ott premium D\u00e9couvrez notre OTT\/IPTV Plongez dans une exp\u00e9rience de visionnage in\u00e9gal\u00e9e avec OTT Premium, la solution id\u00e9ale pour un streaming de haute qualit\u00e9. Explorez un large choix de cha\u00eenes, de films, de s\u00e9ries et de sports en direct, accessibles \u00e0 tout moment et depuis n&#8217;importe quel appareil. Que ce soit via OTT [&hellip;]<\/p>\n","protected":false},"author":13,"featured_media":0,"parent":0,"menu_order":0,"comment_status":"closed","ping_status":"closed","template":"","meta":{"two_page_speed":{"previous_score":{"desktop_score":98,"desktop_tti":"0.8\u00a0","mobile_score":83,"mobile_tti":"4.3\u00a0","date":"26.02.2023 10:39:10 pm","status":"completed"},"current_score":{"desktop_score":99,"desktop_tti":"0.6\u00a0","mobile_score":98,"mobile_tti":"1.9\u00a0","date":"26.02.2023 11:09:46 pm","status":"completed"}},"footnotes":""},"class_list":["post-14","page","type-page","status-publish","hentry"],"jetpack_sharing_enabled":true,"_links":{"self":[{"href":"https:\/\/ott-premium.net\/iptv2\/wp-json\/wp\/v2\/pages\/14","targetHints":{"allow":["GET"]}}],"collection":[{"href":"https:\/\/ott-premium.net\/iptv2\/wp-json\/wp\/v2\/pages"}],"about":[{"href":"https:\/\/ott-premium.net\/iptv2\/wp-json\/wp\/v2\/types\/page"}],"author":[{"embeddable":true,"href":"https:\/\/ott-premium.net\/iptv2\/wp-json\/wp\/v2\/users\/13"}],"replies":[{"embeddable":true,"href":"https:\/\/ott-premium.net\/iptv2\/wp-json\/wp\/v2\/comments?post=14"}],"version-history":[{"count":0,"href":"https:\/\/ott-premium.net\/iptv2\/wp-json\/wp\/v2\/pages\/14\/revisions"}],"wp:attachment":[{"href":"https:\/\/ott-premium.net\/iptv2\/wp-json\/wp\/v2\/media?parent=14"}],"curies":[{"name":"wp","href":"https:\/\/api.w.org\/{rel}","templated":true}]}}